{"id":28,"date":"2019-04-10T17:21:34","date_gmt":"2019-04-10T17:21:34","guid":{"rendered":"https:\/\/tradkonsult.test\/?page_id=28"},"modified":"2026-04-01T19:40:33","modified_gmt":"2026-04-01T19:40:33","slug":"english-frontpage","status":"publish","type":"page","link":"https:\/\/tradkonsult.se\/en\/english-frontpage\/","title":{"rendered":"Tr\u00e4dkonsult"},"content":{"rendered":"<h2 class=\"wp-block-heading\"><strong>Tr\u00e4dkonsult Concludes and Becomes Integrated into Tr\u00e4dkontoret<\/strong><\/h2>\n\n\n\n<p>Since its establishment in 2014, Tr\u00e4dkonsult has been a valuable network for collaboration among consultants working with urban trees and green infrastructure. Over the years, the network has enabled numerous projects, knowledge exchanges, and joint professional development within the field. It has also served as a platform where new collaborations have emerged and where consultants have been able to grow in their professional roles.<\/p>\n\n\n\n<p>During the time Tr\u00e4dkonsult has been active, much has changed. Several participating consultants have moved on to new roles and organizations, while the industry as a whole has continued to develop and mature. At the same time, Tr\u00e4dkontoret has expanded significantly in both scope and breadth of expertise.<\/p>\n\n\n\n<p>As a result of this development, the need for an independent network such as Tr\u00e4dkonsult has gradually diminished. Much of the expertise and capacity that was previously gathered within the network is now integrated into Tr\u00e4dkontoret\u2019s operations.<\/p>\n\n\n\n<p>Against this background, a decision has been made to discontinue Tr\u00e4dkonsult. Going forward, all activities and communication will be referred to Tr\u00e4dkontoret.<\/p>\n\n\n\n<p>We would like to extend our sincere thanks to everyone who has been part of Tr\u00e4dkonsult over the years and contributed to its development and to the progress of the industry.<\/p>\n\n\n\n<p><strong><a href=\"https:\/\/tradkontoret.se\/en\/\" data-type=\"link\" data-id=\"https:\/\/tradkontoret.se\/en\/\">Visit Tr\u00e4dkontoret\u2019s website >><\/a><\/strong><\/p>\n\n\n\n<div style=\"height:40px\" aria-hidden=\"true\" class=\"wp-block-spacer\"><\/div>\n\n\n<div class=\"wp-block-image\">\n<figure class=\"aligncenter size-large is-resized\"><a href=\"https:\/\/tradkontoret.se\/en\/\"><img loading=\"lazy\" decoding=\"async\" width=\"1000\" height=\"614\" src=\"https:\/\/tradkonsult.se\/wp-content\/uploads\/2026\/04\/tradkontoret_logo_vertical-brown-1000x614.png\" alt=\"\" class=\"wp-image-1204\" style=\"width:300px\" srcset=\"https:\/\/tradkonsult.se\/wp-content\/uploads\/2026\/04\/tradkontoret_logo_vertical-brown-1000x614.png 1000w, https:\/\/tradkonsult.se\/wp-content\/uploads\/2026\/04\/tradkontoret_logo_vertical-brown-500x307.png 500w, https:\/\/tradkonsult.se\/wp-content\/uploads\/2026\/04\/tradkontoret_logo_vertical-brown-768x472.png 768w, https:\/\/tradkonsult.se\/wp-content\/uploads\/2026\/04\/tradkontoret_logo_vertical-brown-1536x943.png 1536w, https:\/\/tradkonsult.se\/wp-content\/uploads\/2026\/04\/tradkontoret_logo_vertical-brown-18x12.png 18w, https:\/\/tradkonsult.se\/wp-content\/uploads\/2026\/04\/tradkontoret_logo_vertical-brown-200x123.png 200w, https:\/\/tradkonsult.se\/wp-content\/uploads\/2026\/04\/tradkontoret_logo_vertical-brown.png 1944w\" sizes=\"auto, (max-width: 1000px) 100vw, 1000px\" \/><\/a><\/figure>\n<\/div>","protected":false},"excerpt":{"rendered":"Tr\u00e4dkonsult Concludes and Becomes Integrated into Tr\u00e4dkontoret Since its establishment in 2014, Tr\u00e4dkonsult has been a valuable network for collaboration among consultants working with urban trees and green infrastructure. Over the years, the network has enabled numerous projects, knowledge exchanges,&#8230;","protected":false},"author":2,"featured_media":122,"parent":0,"menu_order":0,"comment_status":"closed","ping_status":"closed","template":"template-frontpage.php","meta":{"footnotes":""},"class_list":["post-28","page","type-page","status-publish","has-post-thumbnail","hentry"],"_links":{"self":[{"href":"https:\/\/tradkonsult.se\/en\/wp-json\/wp\/v2\/pages\/28","targetHints":{"allow":["GET"]}}],"collection":[{"href":"https:\/\/tradkonsult.se\/en\/wp-json\/wp\/v2\/pages"}],"about":[{"href":"https:\/\/tradkonsult.se\/en\/wp-json\/wp\/v2\/types\/page"}],"author":[{"embeddable":true,"href":"https:\/\/tradkonsult.se\/en\/wp-json\/wp\/v2\/users\/2"}],"replies":[{"embeddable":true,"href":"https:\/\/tradkonsult.se\/en\/wp-json\/wp\/v2\/comments?post=28"}],"version-history":[{"count":14,"href":"https:\/\/tradkonsult.se\/en\/wp-json\/wp\/v2\/pages\/28\/revisions"}],"predecessor-version":[{"id":1216,"href":"https:\/\/tradkonsult.se\/en\/wp-json\/wp\/v2\/pages\/28\/revisions\/1216"}],"wp:featuredmedia":[{"embeddable":true,"href":"https:\/\/tradkonsult.se\/en\/wp-json\/wp\/v2\/media\/122"}],"wp:attachment":[{"href":"https:\/\/tradkonsult.se\/en\/wp-json\/wp\/v2\/media?parent=28"}],"curies":[{"name":"wp","href":"https:\/\/api.w.org\/{rel}","templated":true}]}}