{"id":7,"date":"2019-04-09T21:02:30","date_gmt":"2019-04-09T21:02:30","guid":{"rendered":"https:\/\/tradkonsult.test\/?page_id=7"},"modified":"2026-04-01T19:53:35","modified_gmt":"2026-04-01T19:53:35","slug":"konsulter-for-trad-i-stadsmiljo","status":"publish","type":"page","link":"https:\/\/tradkonsult.se\/en\/","title":{"rendered":"Tr\u00e4dkonsult"},"content":{"rendered":"<h2 class=\"wp-block-heading\">Tr\u00e4dkonsult avslutas och integreras i Tr\u00e4dkontoret<\/h2>\n\n\n\n<p>Sedan starten 2014 har Tr\u00e4dkonsult varit ett v\u00e4rdefullt n\u00e4tverk f\u00f6r samverkan mellan konsulter verksamma inom urbana tr\u00e4d och gr\u00f6nstruktur. Genom \u00e5ren har n\u00e4tverket m\u00f6jliggjort ett stort antal projekt, kunskapsutbyten och gemensam utveckling inom branschen. Det har ocks\u00e5 varit en plattform d\u00e4r nya samarbeten vuxit fram och d\u00e4r konsulter kunnat utvecklas vidare i sina yrkesroller.<\/p>\n\n\n\n<p>Under den tid som Tr\u00e4dkonsult varit aktivt har mycket f\u00f6r\u00e4ndrats. Flera av de deltagande konsulterna har g\u00e5tt vidare till nya roller och verksamheter, samtidigt som branschen i stort har utvecklats och mognat. Parallellt har&nbsp;Tr\u00e4dkontoret&nbsp;vuxit i b\u00e5de omfattning och kompetensbredd.<\/p>\n\n\n\n<p>I takt med denna utveckling har behovet av ett frist\u00e5ende n\u00e4tverk som Tr\u00e4dkonsult minskat. Den kompetens och kapacitet som tidigare samlades inom n\u00e4tverket finns idag i stor utstr\u00e4ckning integrerad inom Tr\u00e4dkontorets verksamhet.<\/p>\n\n\n\n<p>Mot denna bakgrund har beslut fattats att avveckla Tr\u00e4dkonsult. All verksamhet och kommunikation h\u00e4nvisas fram\u00f6ver till Tr\u00e4dkontoret.<\/p>\n\n\n\n<p>Vi vill rikta ett stort tack till alla som varit en del av Tr\u00e4dkonsult genom \u00e5ren och bidragit till dess utveckling och till branschens framsteg.<\/p>\n\n\n\n<p><a href=\"https:\/\/tradkontoret.se\/\" data-type=\"link\" data-id=\"https:\/\/tradkontoret.se\/\">G\u00e5 till Tr\u00e4dkontorets hemsida &gt;&gt;<\/a><\/p>\n\n\n\n<div style=\"height:40px\" aria-hidden=\"true\" class=\"wp-block-spacer\"><\/div>\n\n\n<div class=\"wp-block-image\">\n<figure class=\"aligncenter size-large is-resized\"><a href=\"https:\/\/tradkontoret.se\/\"><img loading=\"lazy\" decoding=\"async\" width=\"1000\" height=\"614\" src=\"https:\/\/tradkonsult.se\/wp-content\/uploads\/2026\/04\/tradkontoret_logo_vertical-brown-1000x614.png\" alt=\"\" class=\"wp-image-1204\" style=\"width:300px\" srcset=\"https:\/\/tradkonsult.se\/wp-content\/uploads\/2026\/04\/tradkontoret_logo_vertical-brown-1000x614.png 1000w, https:\/\/tradkonsult.se\/wp-content\/uploads\/2026\/04\/tradkontoret_logo_vertical-brown-500x307.png 500w, https:\/\/tradkonsult.se\/wp-content\/uploads\/2026\/04\/tradkontoret_logo_vertical-brown-768x472.png 768w, https:\/\/tradkonsult.se\/wp-content\/uploads\/2026\/04\/tradkontoret_logo_vertical-brown-1536x943.png 1536w, https:\/\/tradkonsult.se\/wp-content\/uploads\/2026\/04\/tradkontoret_logo_vertical-brown-18x12.png 18w, https:\/\/tradkonsult.se\/wp-content\/uploads\/2026\/04\/tradkontoret_logo_vertical-brown-200x123.png 200w, https:\/\/tradkonsult.se\/wp-content\/uploads\/2026\/04\/tradkontoret_logo_vertical-brown.png 1944w\" sizes=\"auto, (max-width: 1000px) 100vw, 1000px\" \/><\/a><\/figure>\n<\/div>\n\n\n<div style=\"height:40px\" aria-hidden=\"true\" class=\"wp-block-spacer\"><\/div>","protected":false},"excerpt":{"rendered":"Tr\u00e4dkonsult avslutas och integreras i Tr\u00e4dkontoret Sedan starten 2014 har Tr\u00e4dkonsult varit ett v\u00e4rdefullt n\u00e4tverk f\u00f6r samverkan mellan konsulter verksamma inom urbana tr\u00e4d och gr\u00f6nstruktur. Genom \u00e5ren har n\u00e4tverket m\u00f6jliggjort ett stort antal projekt, kunskapsutbyten och gemensam utveckling inom branschen&#8230;.","protected":false},"author":2,"featured_media":122,"parent":0,"menu_order":0,"comment_status":"closed","ping_status":"closed","template":"template-frontpage.php","meta":{"footnotes":""},"class_list":["post-7","page","type-page","status-publish","has-post-thumbnail","hentry"],"_links":{"self":[{"href":"https:\/\/tradkonsult.se\/en\/wp-json\/wp\/v2\/pages\/7","targetHints":{"allow":["GET"]}}],"collection":[{"href":"https:\/\/tradkonsult.se\/en\/wp-json\/wp\/v2\/pages"}],"about":[{"href":"https:\/\/tradkonsult.se\/en\/wp-json\/wp\/v2\/types\/page"}],"author":[{"embeddable":true,"href":"https:\/\/tradkonsult.se\/en\/wp-json\/wp\/v2\/users\/2"}],"replies":[{"embeddable":true,"href":"https:\/\/tradkonsult.se\/en\/wp-json\/wp\/v2\/comments?post=7"}],"version-history":[{"count":28,"href":"https:\/\/tradkonsult.se\/en\/wp-json\/wp\/v2\/pages\/7\/revisions"}],"predecessor-version":[{"id":1218,"href":"https:\/\/tradkonsult.se\/en\/wp-json\/wp\/v2\/pages\/7\/revisions\/1218"}],"wp:featuredmedia":[{"embeddable":true,"href":"https:\/\/tradkonsult.se\/en\/wp-json\/wp\/v2\/media\/122"}],"wp:attachment":[{"href":"https:\/\/tradkonsult.se\/en\/wp-json\/wp\/v2\/media?parent=7"}],"curies":[{"name":"wp","href":"https:\/\/api.w.org\/{rel}","templated":true}]}}